{"id":2175,"date":"2020-06-29T06:35:59","date_gmt":"2020-06-29T03:35:59","guid":{"rendered":"http:\/\/elektronik.speedhelp.net\/de\/product\/import-placeholder-for-5479\/"},"modified":"2020-06-29T06:36:02","modified_gmt":"2020-06-29T03:36:02","slug":"cherry-strait-jk-0300-alu-aluminiumlook-tuerkisch-schoene-design-tastatur","status":"publish","type":"product","link":"http:\/\/elektronik.speedhelp.net\/ru\/product\/cherry-strait-jk-0300-alu-aluminiumlook-tuerkisch-schoene-design-tastatur\/","title":{"rendered":"Cherry Strait JK-0300 Alu Aluminiumlook T\u00fcrkisch &#8212; sch\u00f6ne Design Tastatur"},"content":{"rendered":"<p>Cherry Tastatur STRAIT JK-0300TQ\/01, USB, ultraflach, Aluminiumlook, t\u00fcrkisch<br \/>\nHochwertige Premium Cherry Tastatur STRAIT, USB, ultraflach, Aluminiumlook<br \/>\nModel: JK-0300TQ\/01, Layout: QWERTY, t\u00fcrkisch;<\/p>\n<p>Design in Vollendung, einfach STRAIT. Die neue Premium-Tastatur von CHERRY besticht durch pure Eleganz. Der Metall-Look und das ultraflache Design halten auch h\u00f6chsten optischen Anspr\u00fcchen stand und machen sie zu einem einzigartigen Blickfang auf Ihrem Schreibtisch. Puristisches Design f\u00fcrs B\u00fcro und Wohnzimmer, Tastaturlayout T\u00fcrkisch, &#171;schreibt&#187; auch Deutsch, Englisch je nach Betriebsystem oder eingestellte Sprache. Tasten k\u00f6nnen auch mit jeglichen Aufklebern \u00fcberklebt werden.<\/p>\n<p>Hochwertige Verarbeitung f\u00fcr dauerhafte Zuverl\u00e4ssigkeit, Fl\u00fcsteranschlag Ideal f\u00fcr die t\u00e4gliche Arbeit, 5 HotKeys zur Steuerung des Mediaplayers, USB-Anschluss f\u00fcr Notebook und PC, Plug &#038; Play ohne Software-Installation<\/p>\n<p>Geh\u00e4usefarbe: wei\u00df\/silber Tastenfarbe: wei\u00df<br \/>\nGewicht: 724 g, Kabell\u00e4nge: ca. 1,80 m<br \/>\nAnschluss: USB Systemvoraussetzungen: USB Anschluss<br \/>\nLieferumfang: 1 STRAIT Corded Keyboard, gedruckte Bedienungsanleitung<br \/>\nAbmessungen: 441 x 161 x 14,5 mm<br \/>\nSchutzart: Spritzwassergesch\u00fctzt<br \/>\nLebensdauer Standardtaste: > 10 Millionen Bet\u00e4tigungen<br \/>\nAnzahl Zusatztasten: 5<\/p>\n","protected":false},"excerpt":{"rendered":"<p>Cherry JK-0300TQ\/01, Layout: QWERTY, t\u00fcrkisch<\/p>\n","protected":false},"featured_media":796,"comment_status":"open","ping_status":"closed","template":"","meta":[],"acf":[],"aioseo_notices":[],"_links":{"self":[{"href":"http:\/\/elektronik.speedhelp.net\/ru\/wp-json\/wp\/v2\/product\/2175"}],"collection":[{"href":"http:\/\/elektronik.speedhelp.net\/ru\/wp-json\/wp\/v2\/product"}],"about":[{"href":"http:\/\/elektronik.speedhelp.net\/ru\/wp-json\/wp\/v2\/types\/product"}],"replies":[{"embeddable":true,"href":"http:\/\/elektronik.speedhelp.net\/ru\/wp-json\/wp\/v2\/comments?post=2175"}],"wp:featuredmedia":[{"embeddable":true,"href":"http:\/\/elektronik.speedhelp.net\/ru\/wp-json\/wp\/v2\/media\/796"}],"wp:attachment":[{"href":"http:\/\/elektronik.speedhelp.net\/ru\/wp-json\/wp\/v2\/media?parent=2175"}],"curies":[{"name":"wp","href":"https:\/\/api.w.org\/{rel}","templated":true}]}}