{"id":2176,"date":"2020-06-29T06:35:59","date_gmt":"2020-06-29T03:35:59","guid":{"rendered":"http:\/\/elektronik.speedhelp.net\/de\/product\/import-placeholder-for-5485\/"},"modified":"2020-06-29T06:36:02","modified_gmt":"2020-06-29T03:36:02","slug":"cherry-dw8000-24ghz-kabelloser-set-tastatur-maus-slim-design-jd-0300-tuerkisch","status":"publish","type":"product","link":"http:\/\/elektronik.speedhelp.net\/ru\/product\/cherry-dw8000-24ghz-kabelloser-set-tastatur-maus-slim-design-jd-0300-tuerkisch\/","title":{"rendered":"Cherry DW8000 2,4GHz kabelloser Set Tastatur Maus Slim Design JD-0300 T\u00fcrkisch"},"content":{"rendered":"<p>Design in Vollendung, einfach DW8000 Qualit\u00e4t. Die neue Premium-Tastatur von CHERRY besticht durch pure Eleganz.<br \/>\nDer Metall-Look und das ultraflache Design halten auch h\u00f6chsten optischen Anspr\u00fcchen stand und machen sie zu einem einzigartigen Blickfang auf ihrem Schreibtisch. <\/p>\n<p>Das Wireless-Desktop-Set DW 8000 gibt sich puristisch-elegant, wie man es von ebenso zeitgem\u00e4\u00dfem wie zeitlos sch\u00f6nem Produktdesign erwartet. Das Set aus kabelloser Tastatur und Maus macht sich gut neben edler PC-Hardware auf Glas-B\u00fcrotisch &#038; Co. Beim DW 8000 vereint CHERRY gewohnt perfekte Funktionalit\u00e4t mit erstklassigem Design. Die ultraflache Tastatur und die symmetrische Maus erfreuen Augen und H\u00e4nde bei Arbeit und Freizeit am PC.<\/p>\n<p> Die Tastatur des Designer-Desktop-Sets DW 8000 beeindruckt mit ultraflacher Bauweise und markanter Formgebung. F\u00fcnf HotKeys machen auf Wunsch die Bedienung effizienter. Die symmetrische 3-Tasten-Maus mit Infrarotsensor verf\u00fcgt \u00fcber umschaltbare Aufl\u00f6sung (1000\/2000 dpi) f\u00fcr optimale Bedienung &#8212; je nach pers\u00f6nlichen Vorlieben und Anwendung. Dank kabelloser 2,4-GHz-Technologie funktionieren Maus und Tastatur stets st\u00f6rungsfrei, in einem maximalen Aktionsradius von 10 Metern. Beide Komponenten sind unmittelbar nach dem Einstecken der Funkschnittstelle nutzbar, ohne Softwareinstallation. Dank praktischer Batteriestatusanzeige sowohl an Maus als auch Tastatur ist das stilvolle Designer-Duo von CHERRY stets einsatzbereit.<br \/>\n\u00a0\u00a0<\/p>\n","protected":false},"excerpt":{"rendered":"<p>Hochwertige Premium Cherry DW8000 cordless desktop mit 2,4GHz kabelloser Technologie, kabelloser Set Tastatur + Mouse, ultraflach, Aluminium-Oberfl\u00e4che<br \/>\nModel: JD-0300TQ\/00, Layout: QWERTY, t\u00fcrkisch<\/p>\n","protected":false},"featured_media":806,"comment_status":"open","ping_status":"closed","template":"","meta":[],"acf":[],"aioseo_notices":[],"_links":{"self":[{"href":"http:\/\/elektronik.speedhelp.net\/ru\/wp-json\/wp\/v2\/product\/2176"}],"collection":[{"href":"http:\/\/elektronik.speedhelp.net\/ru\/wp-json\/wp\/v2\/product"}],"about":[{"href":"http:\/\/elektronik.speedhelp.net\/ru\/wp-json\/wp\/v2\/types\/product"}],"replies":[{"embeddable":true,"href":"http:\/\/elektronik.speedhelp.net\/ru\/wp-json\/wp\/v2\/comments?post=2176"}],"wp:featuredmedia":[{"embeddable":true,"href":"http:\/\/elektronik.speedhelp.net\/ru\/wp-json\/wp\/v2\/media\/806"}],"wp:attachment":[{"href":"http:\/\/elektronik.speedhelp.net\/ru\/wp-json\/wp\/v2\/media?parent=2176"}],"curies":[{"name":"wp","href":"https:\/\/api.w.org\/{rel}","templated":true}]}}