{"id":2185,"date":"2020-06-29T06:36:00","date_gmt":"2020-06-29T03:36:00","guid":{"rendered":"http:\/\/elektronik.speedhelp.net\/de\/product\/import-placeholder-for-5767\/"},"modified":"2020-06-29T06:36:05","modified_gmt":"2020-06-29T03:36:05","slug":"port-replicator-docking-station-2504-lenovo-thinkpad-r60-t60-t61-z60t-t60p-doc10","status":"publish","type":"product","link":"http:\/\/elektronik.speedhelp.net\/ru\/product\/port-replicator-docking-station-2504-lenovo-thinkpad-r60-t60-t61-z60t-t60p-doc10\/","title":{"rendered":"Port Replicator Docking Station 2504 Lenovo ThinkPad R60 T60 T61 Z60t T60p DOC10"},"content":{"rendered":"<p>Port Replicator Docking Station 2504 Lenovo ThinkPad R60 T60 T61 Z60t T60p DOC10<\/p>\n<p>Lenovo Advanced Mini-Dock Portreplikator, Modell 2504<br \/>\nf\u00fcr ThinkPad T60 T61 T400 T500 W500 R60 R61 R400 p\/n 42W8298, FRU p\/n 42W8299<\/p>\n<p>Lenovo Advanced Mini-Dock Portreplikator, Modell 2504 f\u00fcr ThinkPad T60 T61 T400 T500 W500 R60 R61 R400<br \/>\nDie kompakte Lenovo ThinkPad Advanced Mini Dockinstation bietet eine zentrale Anschlussm\u00f6glichkeit f\u00fcr eine Vielzahl Ihrer Peripherieger\u00e4te wie z.B. Drucker, Scanner, externen Monitor, Maus etc. ohne den sonst \u00fcblichen Kabelsalat und die Notwendigkeit Ihr ThinkPad Notebook nach dem mobilen Einsatz wieder mit allen Ger\u00e4ten einzeln zu verbinden; inkl. Schl\u00fcssel zum Absperren.<br \/>\np\/n 42W8298, FRU p\/n 42W8299<\/p>\n<p>Anschl\u00fcsse:<br \/>\n4x USB, Com RS-232, Parallel (Druckeranschluss), VGA und DVI Videoausg\u00e4nge, Netzwerk (LAN, RJ-45),<br \/>\nAnschluss f\u00fcr die Tastatur \/ Mouse (1x PS\/2 Buchse), Kopfh\u00f6reranschluss, Mikrofonanschluss, Netzteilanschluss, Loch f\u00fcr den &#171;Kensington-Schloss, Dock\/Undock-Hebel, Schloss mit Schlussel, Modem.<\/p>\n<p>Die Advanced Mini Dockingstation verf\u00fcgt \u00fcber folgende Schnittstellen:<\/p>\n<p>Thinkpad Power Connector<br \/>\nSerielle Schnittstelle<br \/>\nparallele Schnittstelle<br \/>\nDVI-D Schnittstelle<br \/>\nVGA Schnittstelle<br \/>\nLine-in<br \/>\nLine-out<br \/>\nS\/PDIF (Digital Audio)<br \/>\n1 x PS\/2 Tastatur\/Maus Anschluss<br \/>\nRJ11 Anschluss<br \/>\nRJ45 Anschluss (10\/100\/1000 MB Ethernet)<br \/>\n4 x USB 2.0 Anschluss<\/p>\n<p>Geeignet f\u00fcr folgende ThinkPad Modelle:<\/p>\n<p>Thinkpad R60 (14&#8243; Standard + 15&#8243; Standard)   15&#8243; = 38,1 cm<br \/>\nThinkpad R61, R61i (14&#8243; Widescreen)  14&#8243; = 35 cm Diagionale<br \/>\nThinkpad R61, R61i (15,4&#8243; Widescreen + 15&#8243; Standard) 38,1+39 cm<br \/>\nThinkpad R400 (14,1&#8243; Widescreen) 14&#8243; = 35 cm Diagionale<br \/>\nThinkpad R500 (15,4&#8243; Widescreen) 15,4&#8243; = 39 cm Diagionale<br \/>\nThinkpad T60, T60p (14&#8243; Standard, 15&#8243; Standard)  35 +38 cm<br \/>\nThinkpad T60 (15,4&#8243; Widescreen) &#8212; 39cm Diagonale<br \/>\nThinkpad T61 (14&#8243; Widescreen + 14&#8243; Standard + 15,4&#8243; Widescreen) 35 und 39 cm Diagonale<br \/>\nThinkpad T400 (14,1&#8243; Widescreen) &#8212; 35cm Diagonale<br \/>\nThinkpad T500 (15,4&#8243; Widescreen)  &#8212; 39 cm Diagonale<br \/>\nThinkpad W500 (15,4&#8243; Widescreen) &#8212; 39 cm Diagonale<br \/>\nThinkpad Z60m (15,4&#8243; Widescreen)  39 cm Diagonale<br \/>\nThinkpad Z60t<br \/>\nThinkpad Z61m (15,4&#8243; Widescreen)  39 cm Diagonale<br \/>\nThinkpad Z61t (14&#187; Widescreen)  35 cm Diagonale<\/p>\n","protected":false},"excerpt":{"rendered":"<p>Lenovo Advanced Mini-Dock Portreplikator, Modell 2504<br \/>\nf\u00fcr ThinkPad T60 T61 T400 T500 W500 R60 R61 R400 p\/n 42W8298, FRU p\/n 42W8299<\/p>\n","protected":false},"featured_media":889,"comment_status":"open","ping_status":"closed","template":"","meta":[],"acf":[],"aioseo_notices":[],"_links":{"self":[{"href":"http:\/\/elektronik.speedhelp.net\/ru\/wp-json\/wp\/v2\/product\/2185"}],"collection":[{"href":"http:\/\/elektronik.speedhelp.net\/ru\/wp-json\/wp\/v2\/product"}],"about":[{"href":"http:\/\/elektronik.speedhelp.net\/ru\/wp-json\/wp\/v2\/types\/product"}],"replies":[{"embeddable":true,"href":"http:\/\/elektronik.speedhelp.net\/ru\/wp-json\/wp\/v2\/comments?post=2185"}],"wp:featuredmedia":[{"embeddable":true,"href":"http:\/\/elektronik.speedhelp.net\/ru\/wp-json\/wp\/v2\/media\/889"}],"wp:attachment":[{"href":"http:\/\/elektronik.speedhelp.net\/ru\/wp-json\/wp\/v2\/media?parent=2185"}],"curies":[{"name":"wp","href":"https:\/\/api.w.org\/{rel}","templated":true}]}}