{"id":2200,"date":"2020-06-29T06:36:01","date_gmt":"2020-06-29T03:36:01","guid":{"rendered":"http:\/\/elektronik.speedhelp.net\/de\/product\/import-placeholder-for-5935\/"},"modified":"2023-11-13T13:05:13","modified_gmt":"2023-11-13T10:05:13","slug":"isa-pci-kleiner-computer-fuer-windows-xp-1200mhz-256-mb-2x-usb-rs-232-lan-lpt-w6","status":"publish","type":"product","link":"http:\/\/elektronik.speedhelp.net\/ru\/product\/isa-pci-kleiner-computer-fuer-windows-xp-1200mhz-256-mb-2x-usb-rs-232-lan-lpt-w6\/","title":{"rendered":"ISA + PCI kleiner Computer f\u00fcr Windows XP 1200MHZ 256 MB 2x USB RS-232 LAN LPT #W6"},"content":{"rendered":"<p>Ein hochwertigen Computer von Siemens (Wincor Nixdorf),&#187;Beetle&#187;, mit 1x ISA Slot (f\u00fcr die Karten bis zu 17 cm lang), 2x PCI (f\u00fcr insges. 2 Karten) mit intel Celeron 1.2 Ghz, 256 MB RAM, Festplatte 20 GB IDE oder gr\u00f6sser, 1x RS-232 mit dem klassischen 9-pin Stecker, 3x RS-232 stromf\u00fchrende (12V) mit den 9-pin Buchsen, 10\/100 Netzwerkkarte, 2x USB 1.1, Parallelport, 2x IDE Controller f\u00fcr die Notebookfestplatten mit IDE Anschluss, Soundkarte, passivgek\u00fchlte Grafikkarte f\u00fcr  Dauerbetrieb, 1,44 MB FDD Drive (Diskettenlaufwerk).<br \/>\nWindows XP wurde installiert, mit Treibern; inkl. Lizenz.<\/p>\n<p>Dieser Computer ist eine ideale L\u00f6sung als POS Kasse, f\u00fcr die Maschinensteuerung; Andere Versionen dieses Computers  (auch inkl. Betriebsystem) finden Sie bei uns alle.<\/p>\n","protected":false},"excerpt":{"rendered":"<p>ISA + PCI kleiner Computer f\u00fcr Windows XP 1200MHZ 256 MB 2x USB RS-232 LAN LPT #W6<\/p>\n","protected":false},"featured_media":975,"comment_status":"open","ping_status":"closed","template":"","meta":[],"acf":[],"aioseo_notices":[],"_links":{"self":[{"href":"http:\/\/elektronik.speedhelp.net\/ru\/wp-json\/wp\/v2\/product\/2200"}],"collection":[{"href":"http:\/\/elektronik.speedhelp.net\/ru\/wp-json\/wp\/v2\/product"}],"about":[{"href":"http:\/\/elektronik.speedhelp.net\/ru\/wp-json\/wp\/v2\/types\/product"}],"replies":[{"embeddable":true,"href":"http:\/\/elektronik.speedhelp.net\/ru\/wp-json\/wp\/v2\/comments?post=2200"}],"wp:featuredmedia":[{"embeddable":true,"href":"http:\/\/elektronik.speedhelp.net\/ru\/wp-json\/wp\/v2\/media\/975"}],"wp:attachment":[{"href":"http:\/\/elektronik.speedhelp.net\/ru\/wp-json\/wp\/v2\/media?parent=2200"}],"curies":[{"name":"wp","href":"https:\/\/api.w.org\/{rel}","templated":true}]}}