{"id":2575,"date":"2020-08-13T20:36:16","date_gmt":"2020-08-13T17:36:16","guid":{"rendered":"http:\/\/elektronik.speedhelp.net\/de\/?post_type=product&#038;p=2575"},"modified":"2022-04-06T18:04:44","modified_gmt":"2022-04-06T15:04:44","slug":"example-of-variation-product","status":"publish","type":"product","link":"http:\/\/elektronik.speedhelp.net\/ru\/product\/example-of-variation-product\/","title":{"rendered":"Example of variation product"},"content":{"rendered":"<style>\n<p>  body{\n    font-family: arial;\n  }<\/p>\n<p>  .wrap{\n    margin: 0 auto;\n    max-width: 1280px;\n  }<\/p>\n<p>  .header{\n    width: 100%;\n    border-left: 4px solid #3D386F;\n    border-right: 4px solid #3D386F;\n    box-sizing: border-box;\n  }<\/p>\n<p>  .content{\n    width: 100%;\n    text-align: center;\n    border-left: 4px solid #3D386F;\n    border-right: 4px solid #3D386F;\n    border-top: 18px solid #3D386F;\n    border-bottom: 18px solid #3D386F;\n    box-sizing: border-box;\n  }<\/p>\n<p>  h3{\n    font-size: 26px;\n    margin: 12px 0 0 0;\n  }<\/p>\n<p>  h3.promo20{\n    font-size: 18px;\n    color: #336699;\n  }<\/p>\n<p>  h3.promo{\n    font-size: 14px;\n    color: #336699;\n  }<\/p>\n<p>  h3.promotext{\n    font-size: 18px;\n    color: #336699;\n  }<\/p>\n<p>  p.red{\n    font-size: 16px;\n    color: #CB2026;\n    margin: 12px 0 0 0;\n  }<\/p>\n<\/style>\n<div class=\"wrap\">\n<div class=\"content\">\n<h3 class=\"promo20\">\n      42\u0441\u043c \u041b\u044f\u0433\u0430\u043d \u0440\u0443\u0447\u043d\u043e\u0439 \u0440\u0430\u0431\u043e\u0442\u044b <br \/>\n      Lagan Rischtan, Keramik, Handarbeit<br \/>\n      Produkteigenschaften:<br \/>\n      Material: Keramik<br \/>\n      Durchmesser: ca. 42 cm<br \/>\n      H\u00f6he: ca. 6cm<br \/>\n      Hergestellt in Usbekistan<br \/>\n      ********<br \/>\n      \u0420\u043e\u0441\u043f\u0438\u0441\u044c\/\u0443\u0437\u043e\u0440 \u043d\u0430 \u041b\u044f\u0433\u0430\u043d\u0430\u0445 \u044d\u0442\u043e \u0442\u0430\u043a\u0436\u0435 \u0440\u0443\u0447\u043d\u0430\u044f \u0440\u0430\u0431\u043e\u0442\u0430.<br \/>\n      \u0412 \u0441\u0432\u044f\u0437\u0438 \u0441 \u044d\u0442\u0438\u043c, \u043d\u0435\u0442 \u043e\u0434\u0438\u043d\u0430\u043a\u043e\u0432\u044b\u0445 \u0443\u0437\u043e\u0440\u043e\u0432.<br \/>\n      \u0412\u0441\u0435 \u041b\u044f\u0433\u0430\u043d\u044b \u0438\u043c\u0435\u044e\u0442 \u0440\u0430\u0437\u043d\u044b\u0435 \u0443\u0437\u043e\u0440\u044b, \u043a\u043e\u0442\u043e\u0440\u044b\u0435 \u043f\u0440\u0438\u0434\u0430\u044e\u0442 \u0443\u043d\u0438\u043a\u0430\u043b\u044c\u043d\u043e\u0441\u0442\u044c \u0438 \u043d\u0435 \u043f\u043e\u0432\u0442\u043e\u0440\u044f\u044e\u0442\u0441\u044f.<br \/>\n      \u0423\u0437\u043e\u0440 \u043d\u0430 \u041b\u044f\u0433\u0430\u043d\u0435 \u043c\u043e\u0436\u0435\u0442 \u043e\u0442\u043b\u0438\u0447\u0430\u0442\u044c\u0441\u044f \u043e\u0442 \u0444\u043e\u0442\u043e\u0433\u0440\u0430\u0444\u0438\u0438.<br \/>\n      ********<br \/>\n      Die Teller sind handbemalt und haben daher kein identisches Muster.<br \/>\n      Was sie einzigartig macht.<br \/>\n      Das Muster kann von der Abbildung auf dem Foto abweichen.<br \/>\n      Zustand: Neu! <\/p>\n<h3 class=\"promo\">\n        F\u00fcr R\u00fcckfragen oder weiteren Informationen stehen wir Ihnen gerne zur Verf\u00fcgung. <br \/>\n        Viel Gl\u00fcck und Spa\u00df beim Bieten &#038; Kaufen! <\/p>\n<\/h3><\/div>\n<\/div>\n","protected":false},"excerpt":{"rendered":"<p>123123xczxc xcz zxc zxc<\/p>\n","protected":false},"featured_media":2167,"comment_status":"open","ping_status":"closed","template":"","meta":[],"acf":[],"aioseo_notices":[],"_links":{"self":[{"href":"http:\/\/elektronik.speedhelp.net\/ru\/wp-json\/wp\/v2\/product\/2575"}],"collection":[{"href":"http:\/\/elektronik.speedhelp.net\/ru\/wp-json\/wp\/v2\/product"}],"about":[{"href":"http:\/\/elektronik.speedhelp.net\/ru\/wp-json\/wp\/v2\/types\/product"}],"replies":[{"embeddable":true,"href":"http:\/\/elektronik.speedhelp.net\/ru\/wp-json\/wp\/v2\/comments?post=2575"}],"wp:featuredmedia":[{"embeddable":true,"href":"http:\/\/elektronik.speedhelp.net\/ru\/wp-json\/wp\/v2\/media\/2167"}],"wp:attachment":[{"href":"http:\/\/elektronik.speedhelp.net\/ru\/wp-json\/wp\/v2\/media?parent=2575"}],"curies":[{"name":"wp","href":"https:\/\/api.w.org\/{rel}","templated":true}]}}