{"id":2201,"date":"2020-06-29T06:36:01","date_gmt":"2020-06-29T03:36:01","guid":{"rendered":"http:\/\/elektronik.speedhelp.net\/de\/product\/import-placeholder-for-5942\/"},"modified":"2022-02-12T12:23:39","modified_gmt":"2022-02-12T09:23:39","slug":"isa-computer-fuer-ms-dos-win-95-98-intel-566-mhz-256-mb-ram-2x-usb-rs-232-lpt-lan-w2","status":"publish","type":"product","link":"https:\/\/elektronik.speedhelp.net\/de\/product\/isa-computer-fuer-ms-dos-win-95-98-intel-566-mhz-256-mb-ram-2x-usb-rs-232-lpt-lan-w2\/","title":{"rendered":"ISA Computer f\u00fcr MS-DOS Win 95 98 Intel 566 MHz 256 MB RAM 2x USB RS-232 LPT LAN W2"},"content":{"rendered":"<p>Bei dieser Angebot handelt es sich um einen hochwertigen Computer PC von Siemens (Wincor Nixdorf), &#8222;Beetle&#8220;, mit 1x ISA Slot (f\u00fcr die Karten bis zu 17 cm lang), 2x PCI (f\u00fcr insges. 2 Karten) inkl. USB Treiber f\u00fcr MS-DOS und USB Maus (funktioniert unter DOS), intel PIII-566 Mhz, 256 MB RAM, Festplatte 8 GB IDE oder gr\u00f6sser, 1x RS-232 mit dem klassischen 9-pin Stecker, 3x RS-232 stromf\u00fchrende (12V) mit den 9-pin Buchsen, 10\/100 Netzwerkkarte, 2x USB 1.1, Parallelport, 2x IDE Controller f\u00fcr die Notebookfestplatten mit IDE Anschluss, Soundkarte, passivgek\u00fchlte Grafikkarte f\u00fcr Dauerbetrieb, 1,44 MB FDD Drive (Diskettenlaufwerk). <\/p>\n<p>Falls Sie ein USB CD\/DVD-ROM brauchen, k\u00f6nnen Sie hier mitbestellen.<br \/>\nDieser Computer ist eine ideale L\u00f6sung als POS Kasse, f\u00fcr Win95, Win98, f\u00fcr MS-DOS, f\u00fcr die Maschinensteuerung; Auf der Festplatte befindet sich MS-DOS 6.2x<\/p>\n","protected":false},"excerpt":{"rendered":"<p>ISA Computer f\u00fcr MS-DOS Win 95 98 Intel 566 MHz 256 MB RAM 2x USB RS-232 LPT LAN W2<\/p>\n","protected":false},"featured_media":986,"comment_status":"open","ping_status":"closed","template":"","meta":[],"acf":[],"aioseo_notices":[],"_links":{"self":[{"href":"https:\/\/elektronik.speedhelp.net\/de\/wp-json\/wp\/v2\/product\/2201"}],"collection":[{"href":"https:\/\/elektronik.speedhelp.net\/de\/wp-json\/wp\/v2\/product"}],"about":[{"href":"https:\/\/elektronik.speedhelp.net\/de\/wp-json\/wp\/v2\/types\/product"}],"replies":[{"embeddable":true,"href":"https:\/\/elektronik.speedhelp.net\/de\/wp-json\/wp\/v2\/comments?post=2201"}],"wp:featuredmedia":[{"embeddable":true,"href":"https:\/\/elektronik.speedhelp.net\/de\/wp-json\/wp\/v2\/media\/986"}],"wp:attachment":[{"href":"https:\/\/elektronik.speedhelp.net\/de\/wp-json\/wp\/v2\/media?parent=2201"}],"curies":[{"name":"wp","href":"https:\/\/api.w.org\/{rel}","templated":true}]}}