{"id":2178,"date":"2020-06-29T06:35:59","date_gmt":"2020-06-29T03:35:59","guid":{"rendered":"http:\/\/elektronik.speedhelp.net\/de\/product\/import-placeholder-for-5678\/"},"modified":"2020-06-29T06:36:03","modified_gmt":"2020-06-29T03:36:03","slug":"dicota-fuer-notebook-bis-17-43cm-41x31cm-notebooktasche-reisetrolley","status":"publish","type":"product","link":"https:\/\/elektronik.speedhelp.net\/ru\/product\/dicota-fuer-notebook-bis-17-43cm-41x31cm-notebooktasche-reisetrolley\/","title":{"rendered":"Dicota f\u00fcr Notebook bis 17&#8243; 43cm 41x31cm Notebooktasche Reisetrolley"},"content":{"rendered":"<p>Dieser Koffer wurde bereits getragen, befindet sich im guten Zustand.<br \/>\nEs ist ein sehr hochwertiger Trolley f\u00fcr Gesch\u00e4ftsreisen der Firma Dicota: Perfekte, qualit\u00e4tiv hochwertige grosse Rollen, Taschenboden besteht aus wasserfestem Material.<br \/>\nMit Top Traveller Roller PRO fahren Sie &#171;1. Klasse&#187;. Der Trolley begleitet Sie zuverl\u00e4ssig \u00fcberallhin und erf\u00fcllt die h\u00f6chsten Anspr\u00fcche an Qualit\u00e4t, Funktionalit\u00e4t und Schutz: fitall system fasst Notebooks in den unterschiedlichsten Gr\u00f6ssen, anti slip technology sorgt daf\u00fcr, dass Ihr Notebook und der Schultergurt nicht verrutschen und die leichte und besonders stossd\u00e4mpfende EVA frame protection bietet erstklassigen Schutz f\u00fcr Ihr Notebook.<\/p>\n<p>Gelebte Nachhaltigkeit mit gutem Gewissen &#8212; hergestellt aus wiederverwertetem PET, entlasten die Produkte der SCALE Familie die Umwelt. Ein konsequentes Recycling hilft, Ressourcen zu schonen und dient bei DICOTA als Basis f\u00fcr innovative L\u00f6sungen. Der Multi Roller SCALE ist der intelligente Trolley f\u00fcr umweltbewusste Professionals.<\/p>\n<p>Im Hauptmaterial erhalten 14 PET Flaschen ein neues Leben &#8212; ohne Kompromisse in Bezug auf Qualit\u00e4t, Funktionalit\u00e4t und Design. Entwickelt f\u00fcr den t\u00e4glichen Einsatz und ausgestattet mit praktischen Funktionen, die Ihnen das Leben erleichtern.<\/p>\n<p>Ihr  Notebook ist dreifach gesch\u00fctzt: mit der Polsterung aus High-Density Foam (HDF), dem Befestigungsriemen sowie der Trennwand zur optimalen Ger\u00e4tefixierung im abschliessbaren Notebookfach mit verst\u00e4rktem Rahmen. Auch Ihr Tablet bis zu ist im gepolsterten Einsteckfach sicher verstaut. Das ger\u00e4umige Hauptfach bietet viel Stauraum f\u00fcr Kleidung und weiteres Gep\u00e4ck. Praktische Befestigungslaschen sowie ein zus\u00e4tzliches Einsteckfach f\u00fcr Dokumente schaffen Ordnung im Innenraum. Im ger\u00e4umigen Vorderfach hat es gen\u00fcgend Platz f\u00fcr mobiles Zubeh\u00f6r. Bestens organisiert dank bequem zug\u00e4nglichen Einsteckf\u00e4chern f\u00fcr Ihre pers\u00f6nlichen Utensilien wie Stifte, Visitenkarten, Ausweise und Smartphone. Die Verst\u00e4rkte Bodenpartie, auswechselbare Qualit\u00e4ts-Rollen, ein robustes, zweistufiges Gest\u00e4nge aus hochwertigem Aluminium und ein bequem geformter, vernieteter Tragegriff garantieren langlebigen Transport-Komfort.<\/p>\n<p>Highlights &#038; Details:<br \/>\nAbschliessbares und schutzgepolstertes Notebookfach mit High-Density Foam (HDF)<br \/>\nNotebook-Befestigungsriemen und Trennwand<br \/>\nGepolstertes Fach f\u00fcr Tablets bis zu 10.5&#8243;<br \/>\nGer\u00e4umiges Hauptfach f\u00fcr Kleidung, Dokumente und sonstiges Gep\u00e4ck<br \/>\nVordertasche mit Einsteckf\u00e4chern f\u00fcr mobiles Zubeh\u00f6r<br \/>\nVerst\u00e4rkter Rahmen und effektiver Kantenschutz<br \/>\nAuswechselbare Qualit\u00e4ts-Rollen und robustes Aluminiumgest\u00e4nge<br \/>\nVernieteter und bequemer Tragegriff<\/p>\n<p>Der perforierte und dadurch leichte EVA-Schaumstoff im abschliessbaren Notebookfach sch\u00fctzt die Kanten Ihres Notebooks erstklassig und mit markanter Gewichtsersparnis. Die anti slip technology-Beschichtung garantiert optimalen Halt f\u00fcr Ihr Notebooks im Fach und den l\u00e4ngenverstellbaren, gepolsterten Schultergurt.<\/p>\n<p>Bester Schutz f\u00fcr Ihr Tablet durch das EVA-geformte Fach mit extra weichem Nylex-Innenfutter. Grossz\u00fcgiger Stauraum f\u00fcr Drucker, Projektor und Ihre Unterlagen. Die Vordertasche mit Schl\u00fcsselanh\u00e4nger und Einsteckf\u00e4chern schafft Ordnung in Ihren pers\u00f6nlichen Utensilien und bietet Platz f\u00fcr weiteres mobiles Zubeh\u00f6r. <\/p>\n<p>Reissverschlussfach f\u00fcr Ausweise. H\u00f6chster Trage- und Rollkomfort dank hochwertigen Tragegriffen aus echtem Leder, auswechselbaren und leichtg\u00e4ngigen Rollen, integriertem Teleskopgriff und Trolley-Befestigungsband. Taschenboden aus wasserfestem Material. Adress-Schild &#8212; DICOTAs Liebe zum Detail macht diese Tasche zu Ihrem zuverl\u00e4ssigsten Gesch\u00e4ftspartner!<br \/>\nDieser Koffer wurde bereits getragen, befindet sich im guten Zustand.<\/p>\n","protected":false},"excerpt":{"rendered":"<p>Dicota Trolley Top Traveller Roller PRO 14-15.6 f\u00fcr die Notebooks bis 41,5x 30,5cm gross mit bis zu 43cm (17&#8243;) Bildschirmdiagonale<\/p>\n","protected":false},"featured_media":815,"comment_status":"open","ping_status":"closed","template":"","meta":[],"acf":[],"aioseo_notices":[],"_links":{"self":[{"href":"https:\/\/elektronik.speedhelp.net\/ru\/wp-json\/wp\/v2\/product\/2178"}],"collection":[{"href":"https:\/\/elektronik.speedhelp.net\/ru\/wp-json\/wp\/v2\/product"}],"about":[{"href":"https:\/\/elektronik.speedhelp.net\/ru\/wp-json\/wp\/v2\/types\/product"}],"replies":[{"embeddable":true,"href":"https:\/\/elektronik.speedhelp.net\/ru\/wp-json\/wp\/v2\/comments?post=2178"}],"wp:featuredmedia":[{"embeddable":true,"href":"https:\/\/elektronik.speedhelp.net\/ru\/wp-json\/wp\/v2\/media\/815"}],"wp:attachment":[{"href":"https:\/\/elektronik.speedhelp.net\/ru\/wp-json\/wp\/v2\/media?parent=2178"}],"curies":[{"name":"wp","href":"https:\/\/api.w.org\/{rel}","templated":true}]}}