{"id":2180,"date":"2020-06-29T06:36:00","date_gmt":"2020-06-29T03:36:00","guid":{"rendered":"http:\/\/elektronik.speedhelp.net\/de\/product\/import-placeholder-for-5714\/"},"modified":"2020-06-29T06:36:04","modified_gmt":"2020-06-29T03:36:04","slug":"servergehaeuse-gamergehaeuse-inkl-500w-netzteil-fuer-atx-und-e-atx-boards","status":"publish","type":"product","link":"https:\/\/elektronik.speedhelp.net\/ru\/product\/servergehaeuse-gamergehaeuse-inkl-500w-netzteil-fuer-atx-und-e-atx-boards\/","title":{"rendered":"Servergeh\u00e4use \/ Gamergeh\u00e4use inkl. 500W Netzteil f\u00fcr ATX und E-ATX Boards"},"content":{"rendered":"<p>Servergeh\u00e4use \/ Gamergeh\u00e4use inkl. 500W Netzteil f\u00fcr ATX und E-ATX Boards<\/p>\n<p>Hochwertiges Servergeh\u00e4use auf Rollen (liegend passt in 48cm (19&#8243;) Netzwerkschrank) oder als Computer Geh\u00e4use f\u00fcr Gamer-PC inkl. 500 Watt ATX Netzteil<\/p>\n<p>Laufwerksch\u00e4chte intern: f\u00fcr 10x 8.9cm (3.5&#8243;) Festplatten<\/p>\n<p>Laufwerksch\u00e4chte extern: 1x 8.9cm (3.5&#8243;) FDD \/ ZIP \/ DAT, 1x 13.33cm (5.25&#8243;) f\u00fcr CD \/ DVD<\/p>\n<p>Supported Motherboard all form Factors: mATX, ATX, EATX, CEB, SSI-EEB (ATX (12&#8243;x9.6&#8243;)(30,48 x 24,4cm) \/ CEB (12&#8243;x10.5&#8243;)(30,48 x 26,6cm) \/ EATX, SSI EEB (12&#8243;x13&#8243;)(30,48 x 33,02cm)<\/p>\n<p>Abmessungen: (BxLxH): 22.5 x 54.5 x 50 cm (mit Rollen)<\/p>\n<p>Rollen sind leicht abmontierbar.<\/p>\n<p>Ohne Rollen passt das Geh\u00e4use in den Serverschrank:<\/p>\n<p>Netzteil (Technische Daten): 500 Watt, 3x 4-Pin Molex , 2x SATA Power , 1x FDD 4-Pin Molex, 1&#215;6-Pin Video, 20\/24-Pin ATX Connector, 4-Pin GND \/ 12V Motherboard Connector<\/p>\n","protected":false},"excerpt":{"rendered":"<p>Servergeh\u00e4use \/ Gamergeh\u00e4use inkl. 500W Netzteil f\u00fcr ATX und E-ATX Boards<\/p>\n","protected":false},"featured_media":849,"comment_status":"open","ping_status":"closed","template":"","meta":[],"acf":[],"aioseo_notices":[],"_links":{"self":[{"href":"https:\/\/elektronik.speedhelp.net\/ru\/wp-json\/wp\/v2\/product\/2180"}],"collection":[{"href":"https:\/\/elektronik.speedhelp.net\/ru\/wp-json\/wp\/v2\/product"}],"about":[{"href":"https:\/\/elektronik.speedhelp.net\/ru\/wp-json\/wp\/v2\/types\/product"}],"replies":[{"embeddable":true,"href":"https:\/\/elektronik.speedhelp.net\/ru\/wp-json\/wp\/v2\/comments?post=2180"}],"wp:featuredmedia":[{"embeddable":true,"href":"https:\/\/elektronik.speedhelp.net\/ru\/wp-json\/wp\/v2\/media\/849"}],"wp:attachment":[{"href":"https:\/\/elektronik.speedhelp.net\/ru\/wp-json\/wp\/v2\/media?parent=2180"}],"curies":[{"name":"wp","href":"https:\/\/api.w.org\/{rel}","templated":true}]}}