{"id":2191,"date":"2020-06-29T06:36:00","date_gmt":"2020-06-29T03:36:00","guid":{"rendered":"http:\/\/elektronik.speedhelp.net\/de\/product\/import-placeholder-for-5836\/"},"modified":"2020-06-29T06:36:06","modified_gmt":"2020-06-29T03:36:06","slug":"hp-jetdirect-j2552-printserver-fuer-plotter-designjet-600-650c-750c-755cm-laserdrucker-nw9","status":"publish","type":"product","link":"https:\/\/elektronik.speedhelp.net\/ru\/product\/hp-jetdirect-j2552-printserver-fuer-plotter-designjet-600-650c-750c-755cm-laserdrucker-nw9\/","title":{"rendered":"HP JetDirect J2552 Printserver f\u00fcr Plotter DesignJet 600 650C 750C 755CM + Laserdrucker NW9"},"content":{"rendered":"<p>Netzwerkkarte \/ Printserver HP J2552-60003 f\u00fcr HP Drucker und Plotter, und zwar f\u00fcr folg. Ger\u00e4te:<\/p>\n<p>HP LaserJet 3SI, 4Si, 4Si MX, 4 Plus, 4M Plus<br \/>\nHP Color LaserJet 5, Color Laserjet 5M<br \/>\nHP DeskJet 1200C, 1200C\/PS, 1600C, 1600CM<br \/>\nHP DesignJet 600, 650C, 650C\/PS, 750C, 755CM<br \/>\nHP CopyJet, CopyJet M<br \/>\nHP PaintJet XL300<br \/>\nDamit machen Sie Ihren Plotter oder Drucker netzwerkf\u00e4hig.<\/p>\n","protected":false},"excerpt":{"rendered":"<p>Netzwerkkarte \/ Printserver HP J2552-60003 f\u00fcr HP Drucker und Plotter<\/p>\n","protected":false},"featured_media":926,"comment_status":"open","ping_status":"closed","template":"","meta":[],"acf":[],"aioseo_notices":[],"_links":{"self":[{"href":"https:\/\/elektronik.speedhelp.net\/ru\/wp-json\/wp\/v2\/product\/2191"}],"collection":[{"href":"https:\/\/elektronik.speedhelp.net\/ru\/wp-json\/wp\/v2\/product"}],"about":[{"href":"https:\/\/elektronik.speedhelp.net\/ru\/wp-json\/wp\/v2\/types\/product"}],"replies":[{"embeddable":true,"href":"https:\/\/elektronik.speedhelp.net\/ru\/wp-json\/wp\/v2\/comments?post=2191"}],"wp:featuredmedia":[{"embeddable":true,"href":"https:\/\/elektronik.speedhelp.net\/ru\/wp-json\/wp\/v2\/media\/926"}],"wp:attachment":[{"href":"https:\/\/elektronik.speedhelp.net\/ru\/wp-json\/wp\/v2\/media?parent=2191"}],"curies":[{"name":"wp","href":"https:\/\/api.w.org\/{rel}","templated":true}]}}