{"id":2199,"date":"2020-06-29T06:36:01","date_gmt":"2020-06-29T03:36:01","guid":{"rendered":"http:\/\/elektronik.speedhelp.net\/de\/product\/import-placeholder-for-5928\/"},"modified":"2023-11-13T13:05:13","modified_gmt":"2023-11-13T10:05:13","slug":"isa-pci-rs-232-lpt-kompakter-pc-mit-windows-98-se-w8","status":"publish","type":"product","link":"https:\/\/elektronik.speedhelp.net\/ru\/product\/isa-pci-rs-232-lpt-kompakter-pc-mit-windows-98-se-w8\/","title":{"rendered":"ISA + PCI, RS-232, LPT kompakter PC mit Windows 98 SE  #W8"},"content":{"rendered":"<p>Es handelt sich um einen hochwertigen Desktop PC von Siemens (Wincor Nixdorf), &#171;Beetle&#187;, mit 1x  ISA Slot (f\u00fcr  die Karten bis zu 17 cm lang), 2x PCI (f\u00fcr insges. 2 Karten).<br \/>\nintel Celeron 1.2 Ghz, 256  MB RAM, Festplatte 8GB IDE oder gr\u00f6sser, 1x RS-232 mit dem  klassischen 9-pin Stecker, 3x RS-232 stromf\u00fchrende (12V) mit den 9-pin Buchsen, 10\/100  Netzwerkkarte, 2x USB 1.1, Parallelport, 2x IDE Controller f\u00fcr die  Notebookfestplatten mit IDE Anschluss, Soundkarte, passivgek\u00fchlte Grafikkarte f\u00fcr  Dauerbetrieb, 1,44 MB FDD Drive (Diskettenlaufwerk). Falls Sie ein USB CD\/DVD-ROM brauchen, k\u00f6nnen Sie hier mitbestellen.<br \/>\nWindows 98 wurde  installiert, mit Treibern; inkl. Lizenz.<br \/>\nDieser Computer ist eine ideale  L\u00f6sung als POS Kasse, f\u00fcr Win95, Win98, f\u00fcr MS-DOS, f\u00fcr die Maschinensteuerung;  Windows 98 wurde installiert, mit Treibern; inkl. Lizenz. Andere Versionen  dieses Computers (auch inkl. Betriebsystem)<\/p>\n","protected":false},"excerpt":{"rendered":"<p>ISA + PCI, RS-232, LPT kompakter Computer Slot mit Windows 98 #W8<\/p>\n","protected":false},"featured_media":969,"comment_status":"open","ping_status":"closed","template":"","meta":[],"acf":[],"aioseo_notices":[],"_links":{"self":[{"href":"https:\/\/elektronik.speedhelp.net\/ru\/wp-json\/wp\/v2\/product\/2199"}],"collection":[{"href":"https:\/\/elektronik.speedhelp.net\/ru\/wp-json\/wp\/v2\/product"}],"about":[{"href":"https:\/\/elektronik.speedhelp.net\/ru\/wp-json\/wp\/v2\/types\/product"}],"replies":[{"embeddable":true,"href":"https:\/\/elektronik.speedhelp.net\/ru\/wp-json\/wp\/v2\/comments?post=2199"}],"wp:featuredmedia":[{"embeddable":true,"href":"https:\/\/elektronik.speedhelp.net\/ru\/wp-json\/wp\/v2\/media\/969"}],"wp:attachment":[{"href":"https:\/\/elektronik.speedhelp.net\/ru\/wp-json\/wp\/v2\/media?parent=2199"}],"curies":[{"name":"wp","href":"https:\/\/api.w.org\/{rel}","templated":true}]}}